{"id":3620,"date":"2015-06-08T04:55:18","date_gmt":"2015-06-08T04:55:18","guid":{"rendered":"http:\/\/kuar.com.ar\/bar\/?page_id=3620"},"modified":"2016-07-18T18:01:42","modified_gmt":"2016-07-18T18:01:42","slug":"about-us","status":"publish","type":"page","link":"http:\/\/kuar.com.ar\/bar\/?page_id=3620","title":{"rendered":"Kuar Bar"},"content":{"rendered":"<div  class=\"one\" style=\"position:relative;padding:50px 0 50px 0;\" >\n<div class=\"standard_wrapper\">\n<div class=\"page_content_wrapper\">\n<div class=\"inner\">\n<div class=\"one_half parallax_scroll\" style=\"width:40%;position:absolute;left:90px;background:#fff;padding:50px;z-index:2;block !important;\" data-stellar-ratio=\"1.3\">\n<h2 class=\"ppb_title\" ><span class=\"ppb_title_first\" >Nuestra<\/span>Filosof\u00eda<\/h2>\n<div class=\"page_header_sep left\" ><\/div>\n<p>En KUAR el ambiente lo hac\u00e9s vos. Pod\u00e9s elegir un lugar sofisticado, en una mesa cerca del fog\u00f3n central  o junto a las ventanas mirando al Canal de Beagle  y degustar un plato de nuestra excelente cocina  o pod\u00e9s optar por uno m\u00e1s informal en la barra o en los privados y disfrutar de nuestras tapas y tablas de ahumados con la t\u00edpica cerveza artesanal.  <\/p>\n<p><span style=\"font-family:Kristi;font-size:40px;font-weight:600;\">Kuar Resto &#038; Bar<\/span><\/div>\n<div class=\"one_half parallax_scroll_image last\" style=\"width:65%;\">\n<div class=\"image_classic_frame expand\">\n<div class=\"image_wrapper\"><a href=\"http:\/\/kuar.com.ar\/bar\/wp-content\/uploads\/2016\/06\/FacundoSantana032.jpg\" class=\"img_frame\"><img decoding=\"async\" src=\"http:\/\/kuar.com.ar\/bar\/wp-content\/uploads\/2016\/06\/FacundoSantana032.jpg\" alt=\"\" class=\"portfolio_img\"\/><\/a><\/div>\n<\/div>\n<\/div>\n<p><br class=\"clear\"\/><\/div>\n<\/div>\n<\/div>\n<\/div>\n<div  class=\"one\" style=\"position:relative;padding:50px 0 50px 0;\" >\n<div class=\"standard_wrapper\">\n<div class=\"page_content_wrapper\">\n<div class=\"inner\">\n<div class=\"one_half parallax_scroll_image\" style=\"width:65%;\">\n<div class=\"image_classic_frame expand\">\n<div class=\"image_wrapper\"><a href=\"http:\/\/kuar.com.ar\/bar\/wp-content\/uploads\/2016\/06\/vcm_s_kf_repr_798x650.jpg\" class=\"img_frame\"><img decoding=\"async\" src=\"http:\/\/kuar.com.ar\/bar\/wp-content\/uploads\/2016\/06\/vcm_s_kf_repr_798x650.jpg\" alt=\"\" class=\"portfolio_img\"\/><\/a><\/div>\n<\/div>\n<\/div>\n<div class=\"one_half last parallax_scroll\" style=\"width:40%;position:absolute;right:90px;background:#fff;padding:50px;\" data-stellar-ratio=\"1.3\">\n<h2 class=\"ppb_title\" ><span class=\"ppb_title_first\" >Experiencia<\/span>Kuar<\/h2>\n<div class=\"page_header_sep left\" ><\/div>\n<p>El lugar  nos ofrece una decoraci\u00f3n en madera de lengas y  piedras volc\u00e1nicas  que inmediatamente nos hacen sentir los  aromas del sur, con la calidez y tranquilidad que el espacio genera. As\u00ed  la propuesta gastron\u00f3mica  nos exige iniciarnos degustando ahumados patag\u00f3nicos  , exquisitos quesos o frutos de mar o  riqu\u00edsimas brusquetas ,para luego  deleitarnos con cualquier principal, entre los que encontramos deliciosos  platos gourmet. Sobre el final podemos elegir entre los postres  pensados y recreados, por nuestra  excepcional repostera .<\/p><\/div>\n<p><br class=\"clear\"\/><\/div>\n<\/div>\n<\/div>\n<\/div>\n<div class=\"divider one\">&nbsp;<\/div>\n<div  class=\"one withsmallpadding withbg \" style=\"color:#ffffff;background-image:url(http:\/\/kuar.com.ar\/bar\/wp-content\/uploads\/2016\/06\/vcm_s_kf_repr_880x589.jpg);background-size:cover; \" >\n<div class=\"standard_wrapper\">\n<div class=\"page_content_wrapper\" style=\"text-align:center\">\n<div class=\"inner\">\n<div class=\"testimonial_slider_wrapper\">\n<div class=\"flexslider\" data-height=\"750\">\n<ul class=\"slides\">\n<li>\n<div class=\"testimonial_slider_wrapper\">\n<div class=\"testimonial_stars\"><i class=\"fa fa-star\"><\/i><i class=\"fa fa-star\"><\/i><i class=\"fa fa-star\"><\/i><i class=\"fa fa-star\"><\/i><i class=\"fa fa-star\"><\/i><\/div>\n<p>Si ven\u00eds a Ushuaia no dejes de comer en Kuar ,es muy bueno ,gracias Pablo por tu atenci\u00f3n muy variada la carta,hermosas vistas al mar ,fuimos de noche y se veia la luna reflejada en el agua ,un sue\u00f1o.<\/p>\n<div class=\"testimonial_slider_meta\"><span class=\"post_detail\" style=\"color:#ffffff\">Graciela<\/span><\/div>\n<\/div>\n<\/li>\n<li>\n<div class=\"testimonial_slider_wrapper\">\n<div class=\"testimonial_stars\"><i class=\"fa fa-star\"><\/i><i class=\"fa fa-star\"><\/i><i class=\"fa fa-star\"><\/i><i class=\"fa fa-star\"><\/i><i class=\"fa fa-star\"><\/i><\/div>\n<p>Fui ya 3 veces y siempre es excelente el servicio, los platos y por supuesto las vistas al Canal. Muy buena la centolla y los pescados.<\/p>\n<div class=\"testimonial_slider_meta\"><span class=\"post_detail\" style=\"color:#ffffff\">Pablo<\/span><\/div>\n<\/div>\n<\/li>\n<li>\n<div class=\"testimonial_slider_wrapper\">\n<div class=\"testimonial_stars\"><i class=\"fa fa-star\"><\/i><i class=\"fa fa-star\"><\/i><i class=\"fa fa-star\"><\/i><i class=\"fa fa-star\"><\/i><i class=\"fa fa-star\"><\/i><\/div>\n<p>Me encat\u00f3 la ubicaci\u00f3n de este restaurant, sobretodo para cenar. Es muy c\u00e1lido, rom\u00e1ntico, con buena vista, bien ambientado para cenar en pareja o reunion de negocios. Los platos muy bien elaborados y de excelente calidad. Los langostinos y el salm\u00f3n excelentes.<\/p>\n<div class=\"testimonial_slider_meta\"><span class=\"post_detail\" style=\"color:#ffffff\">Claudia<\/span><\/div>\n<\/div>\n<\/li>\n<\/ul>\n<\/div>\n<\/div>\n<\/div>\n<\/div>\n<\/div>\n<\/div>\n","protected":false},"excerpt":{"rendered":"<p>NuestraFilosof\u00eda En KUAR el ambiente lo hac\u00e9s vos. Pod\u00e9s elegir un lugar sofisticado, en una mesa cerca del fog\u00f3n central o junto a las ventanas mirando al Canal de Beagle y degustar un plato de nuestra excelente cocina o pod\u00e9s [&hellip;]<\/p>\n","protected":false},"author":1,"featured_media":4889,"parent":0,"menu_order":0,"comment_status":"open","ping_status":"open","template":"","meta":{"footnotes":""},"class_list":["post-3620","page","type-page","status-publish","has-post-thumbnail","hentry"],"_links":{"self":[{"href":"http:\/\/kuar.com.ar\/bar\/index.php?rest_route=\/wp\/v2\/pages\/3620","targetHints":{"allow":["GET"]}}],"collection":[{"href":"http:\/\/kuar.com.ar\/bar\/index.php?rest_route=\/wp\/v2\/pages"}],"about":[{"href":"http:\/\/kuar.com.ar\/bar\/index.php?rest_route=\/wp\/v2\/types\/page"}],"author":[{"embeddable":true,"href":"http:\/\/kuar.com.ar\/bar\/index.php?rest_route=\/wp\/v2\/users\/1"}],"replies":[{"embeddable":true,"href":"http:\/\/kuar.com.ar\/bar\/index.php?rest_route=%2Fwp%2Fv2%2Fcomments&post=3620"}],"version-history":[{"count":19,"href":"http:\/\/kuar.com.ar\/bar\/index.php?rest_route=\/wp\/v2\/pages\/3620\/revisions"}],"predecessor-version":[{"id":4888,"href":"http:\/\/kuar.com.ar\/bar\/index.php?rest_route=\/wp\/v2\/pages\/3620\/revisions\/4888"}],"wp:featuredmedia":[{"embeddable":true,"href":"http:\/\/kuar.com.ar\/bar\/index.php?rest_route=\/wp\/v2\/media\/4889"}],"wp:attachment":[{"href":"http:\/\/kuar.com.ar\/bar\/index.php?rest_route=%2Fwp%2Fv2%2Fmedia&parent=3620"}],"curies":[{"name":"wp","href":"https:\/\/api.w.org\/{rel}","templated":true}]}}